{"id":538,"date":"2021-10-01T01:42:02","date_gmt":"2021-10-01T04:42:02","guid":{"rendered":"https:\/\/www.salmonesaysen.cl\/proveedores\/?page_id=538"},"modified":"2021-10-08T19:21:18","modified_gmt":"2021-10-08T22:21:18","slug":"soy-proveedor-de-salmones-aysen","status":"publish","type":"page","link":"https:\/\/www.salmonesaysen.cl\/proveedores\/soy-proveedor-de-salmones-aysen\/","title":{"rendered":"Soy Proveedor"},"content":{"rendered":"<div id='welcome'  class='av-layout-grid-container entry-content-wrapper main_color av-fixed-cells     avia-builder-el-0  el_before_av_buttonrow  avia-builder-el-first  container_wrap sidebar_right' style=' '  >\n<div class=\"flex_cell no_margin av_one_fourth  avia-builder-el-1  el_before_av_cell_one_fourth  avia-builder-el-first   av-zero-padding \"  style='height:15px; min-height:15px;background: #ff3b2b; vertical-align:top; padding:0px; background-color:#ff3b2b; ' ><div class='flex_cell_inner' ><\/div><\/div><div class=\"flex_cell no_margin av_one_fourth  avia-builder-el-2  el_after_av_cell_one_fourth  el_before_av_cell_one_fourth   av-zero-padding \"  style='height:15px; min-height:15px;background: #ff3b2b; vertical-align:top; padding:0px; background-color:#ff3b2b; ' ><div class='flex_cell_inner' ><\/div><\/div><div class=\"flex_cell no_margin av_one_fourth  avia-builder-el-3  el_after_av_cell_one_fourth  el_before_av_cell_one_fourth   av-zero-padding \"  style='height:15px; min-height:15px;background: #ff3b2b; vertical-align:top; padding:0px; background-color:#ff3b2b; ' ><div class='flex_cell_inner' ><\/div><\/div><div class=\"flex_cell no_margin av_one_fourth  avia-builder-el-4  el_after_av_cell_one_fourth  avia-builder-el-last   av-zero-padding \"  style='height:15px; min-height:15px;background: #ff3b2b; vertical-align:top; padding:0px; background-color:#ff3b2b; ' ><div class='flex_cell_inner' ><\/div><\/div>\n<\/div><div id='after_submenu_1'  class='main_color av_default_container_wrap container_wrap sidebar_right' style=' '  ><div class='container' ><div class='template-page content  av-content-small alpha units'><div class='post-entry post-entry-type-page post-entry-538'><div class='entry-content-wrapper clearfix'>\n<div  class='avia-buttonrow-wrap avia-buttonrow-left   avia-builder-el-5  el_after_av_layout_row  el_before_av_layout_row  avia-builder-el-no-sibling '>\n<a href='https:\/\/www.salmonesaysen.cl\/proveedores\/'  class='avia-button  avia-icon_select-no avia-size-small '  style='background-color:#e23d30; border-color:#e23d30; color:#ffffff; margin-bottom:5px; margin-right:5px; ' ><span class='avia_iconbox_title' >VOLVER<\/span><\/a>\n<a href=''  class='avia-button av-icon-on-hover avia-color-blue  avia-icon_select-yes-left-icon avia-size-small '  style='margin-bottom:5px; margin-right:5px; ' ><span class='avia_button_icon avia_button_icon_left ' aria-hidden='true' data-av_icon='\ue800' data-av_iconfont='entypo-fontello'><\/span><span class='avia_iconbox_title' >MESA DE AYUDA<\/span><\/a>\n<\/div>\n<\/div><\/div><\/div><!-- close content main div --><\/div><\/div><div id='hello'  class='av-layout-grid-container entry-content-wrapper main_color av-flex-cells     avia-builder-el-6  el_after_av_buttonrow  el_before_av_layout_row  submenu-not-first container_wrap sidebar_right' style=' '  >\n<div class=\"flex_cell no_margin av_one_full  avia-builder-el-7  avia-builder-el-no-sibling   \"  style='vertical-align:middle; padding:100px; ' ><div class='flex_cell_inner' ><p><div  style='padding-bottom:30px; color:#898a8d;font-size:30px;' class='av-special-heading av-special-heading-h1 custom-color-heading blockquote modern-quote modern-centered  avia-builder-el-8  el_before_av_one_fifth  avia-builder-el-first  av-inherit-size '><h1 class='av-special-heading-tag '  itemprop=\"headline\"  ><b>YO SOY PROVEEDOR <\/b> DE SALMONES AYS\u00c9N<\/h1><div class='special-heading-border'><div class='special-heading-inner-border' style='border-color:#898a8d'><\/div><\/div><\/div><br \/>\n<div class=\"flex_column av_one_fifth  flex_column_div av-zero-column-padding first  avia-builder-el-9  el_after_av_heading  el_before_av_three_fifth  \" style='border-radius:0px; '><\/div><div class=\"flex_column av_three_fifth  flex_column_div av-zero-column-padding   avia-builder-el-10  el_after_av_one_fifth  el_before_av_one_fifth  \" style='border-radius:0px; '><section class=\"av_textblock_section \"  itemscope=\"itemscope\" itemtype=\"https:\/\/schema.org\/CreativeWork\" ><div class='avia_textblock  '   itemprop=\"text\" ><p style=\"text-align: center;\">En Salmones Ays\u00e9n estamos creciendo y nos estamos modernizando con tecnolog\u00eda de clase mundial que facilitar\u00e1n los procesos y la relaci\u00f3n con nuestros proveedores.<\/p>\n<p style=\"text-align: center;\">Hemos implementado la plataforma SAP Ariba para poder gestionar nuestros procesos de licitaciones y compras, por lo que te invitamos a registrarte aqu\u00ed y aprovechar los beneficios que esta tecnolog\u00eda tiene para ustedes:<\/p>\n<p><span style=\"color: #ffffff;\">.<\/span><\/p>\n<\/div><\/section><\/div><div class=\"flex_column av_one_fifth  flex_column_div av-zero-column-padding   \" style='border-radius:0px; '><\/div><div class=\"flex_column av_one_fifth  flex_column_div av-zero-column-padding first  \" style='border-radius:0px; '><\/div><div class=\"flex_column av_one_third  flex_column_div av-zero-column-padding   \" style='border-radius:0px; '><p><div  style='padding-bottom:10px; ' class='av-special-heading av-special-heading-h5  blockquote modern-quote  '><h5 class='av-special-heading-tag '  itemprop=\"headline\"  ><P> PASO 1:<P> \u00bfC\u00f3mo crear nuestra cuenta en SAP Ariba?<\/h5><div class='special-heading-border'><div class='special-heading-inner-border' ><\/div><\/div><\/div><br \/>\n<div  class='avia-video avia-video-16-9   avia-video-lightbox av-lazyload-video-embed  avia-video-standard-html  ' style='background-image:url(\"https:\/\/www.salmonesaysen.cl\/proveedores\/wp-content\/uploads\/2021\/10\/2021-10-01_17-11-07.jpg\");'  itemprop=\"video\" itemtype=\"https:\/\/schema.org\/VideoObject\"  data-original_url='https:\/\/www.salmonesaysen.cl\/proveedores\/wp-content\/uploads\/2021\/10\/1_Video_tutorial_Como-crear-nuestra-cuenta.mp4' ><script type='text\/html' class='av-video-tmpl'><a href='https:\/\/www.salmonesaysen.cl\/proveedores\/wp-content\/uploads\/2021\/10\/1_Video_tutorial_Como-crear-nuestra-cuenta.mp4' rel='lightbox' class='mfp-iframe lightbox-link'><\/a><\/script><div class='av-click-to-play-overlay play-lightbox'><div class=\"avia_playpause_icon\"><\/div><\/div><\/div><\/p><\/div><div class=\"flex_column av_one_third  flex_column_div av-zero-column-padding   \" style='border-radius:0px; '><p><div  style='padding-bottom:10px; color:#898a8d;font-size:16px;' class='av-special-heading av-special-heading-h4 custom-color-heading blockquote modern-quote  av-inherit-size '><h4 class='av-special-heading-tag '  itemprop=\"headline\"  ><P>PASO 2: <P>\u00bfC\u00f3mo completar su perfil y crear usuarios?<\/h4><div class='special-heading-border'><div class='special-heading-inner-border' style='border-color:#898a8d'><\/div><\/div><\/div><br \/>\n<div  class='avia-video avia-video-16-9   avia-video-lightbox av-lazyload-video-embed  avia-video-standard-html  ' style='background-image:url(\"https:\/\/www.salmonesaysen.cl\/proveedores\/wp-content\/uploads\/2021\/10\/2021-10-01_17-11-07.jpg\");'  itemprop=\"video\" itemtype=\"https:\/\/schema.org\/VideoObject\"  data-original_url='https:\/\/www.salmonesaysen.cl\/proveedores\/wp-content\/uploads\/2021\/10\/2Completar_perfil_y_crear_usuario.mp4' ><script type='text\/html' class='av-video-tmpl'><a href='https:\/\/www.salmonesaysen.cl\/proveedores\/wp-content\/uploads\/2021\/10\/2Completar_perfil_y_crear_usuario.mp4' rel='lightbox' class='mfp-iframe lightbox-link'><\/a><\/script><div class='av-click-to-play-overlay play-lightbox'><div class=\"avia_playpause_icon\"><\/div><\/div><\/div><\/p><\/div><div class=\"flex_column av_one_fifth  flex_column_div av-zero-column-padding first  \" style='border-radius:0px; '><\/div><div class=\"flex_column av_one_third  flex_column_div av-zero-column-padding   \" style='border-radius:0px; '><p><div  style='padding-bottom:10px; color:#898a8d;font-size:16px;' class='av-special-heading av-special-heading-h4 custom-color-heading blockquote modern-quote  av-inherit-size '><h4 class='av-special-heading-tag '  itemprop=\"headline\"  ><P>PASO 3:<P>\u00bfC\u00f3mo participar en un requerimiento RFP (Requerimiento de propuesta)?<\/h4><div class='special-heading-border'><div class='special-heading-inner-border' style='border-color:#898a8d'><\/div><\/div><\/div><br \/>\n<div  class='avia-video avia-video-16-9   avia-video-lightbox av-lazyload-video-embed  avia-video-standard-html  ' style='background-image:url(\"https:\/\/www.salmonesaysen.cl\/proveedores\/wp-content\/uploads\/2021\/10\/2021-10-01_17-11-07.jpg\");'  itemprop=\"video\" itemtype=\"https:\/\/schema.org\/VideoObject\"  data-original_url='https:\/\/www.salmonesaysen.cl\/proveedores\/wp-content\/uploads\/2021\/10\/3_Participar-de-eventos-RFP.mp4' ><script type='text\/html' class='av-video-tmpl'><a href='https:\/\/www.salmonesaysen.cl\/proveedores\/wp-content\/uploads\/2021\/10\/3_Participar-de-eventos-RFP.mp4' rel='lightbox' class='mfp-iframe lightbox-link'><\/a><\/script><div class='av-click-to-play-overlay play-lightbox'><div class=\"avia_playpause_icon\"><\/div><\/div><\/div><\/p><\/div><div class=\"flex_column av_one_third  flex_column_div av-zero-column-padding   \" style='border-radius:0px; '><p><div  style='padding-bottom:10px; color:#898a8d;font-size:16px;' class='av-special-heading av-special-heading-h4 custom-color-heading blockquote modern-quote  av-inherit-size '><h4 class='av-special-heading-tag '  itemprop=\"headline\"  ><\/p>\n<p>PASO 4:<P>\u00bfC\u00f3mo firmar un contrato con Salmones Ays\u00e9n utilizando Docusign?<\/h4><div class='special-heading-border'><div class='special-heading-inner-border' style='border-color:#898a8d'><\/div><\/div><\/div><br \/>\n<div  class='avia-video avia-video-16-9   avia-video-lightbox av-lazyload-video-embed  avia-video-standard-html  ' style='background-image:url(\"https:\/\/www.salmonesaysen.cl\/proveedores\/wp-content\/uploads\/2021\/10\/2021-10-01_17-11-07.jpg\");'  itemprop=\"video\" itemtype=\"https:\/\/schema.org\/VideoObject\"  data-original_url='https:\/\/www.salmonesaysen.cl\/proveedores\/wp-content\/uploads\/2021\/10\/4_Firma_DocuSign.mp4' ><script type='text\/html' class='av-video-tmpl'><a href='https:\/\/www.salmonesaysen.cl\/proveedores\/wp-content\/uploads\/2021\/10\/4_Firma_DocuSign.mp4' rel='lightbox' class='mfp-iframe lightbox-link'><\/a><\/script><div class='av-click-to-play-overlay play-lightbox'><div class=\"avia_playpause_icon\"><\/div><\/div><\/div><\/p><\/div><div  style='height:80px' class='hr hr-invisible  '><span class='hr-inner ' ><span class='hr-inner-style'><\/span><\/span><\/div><br \/>\n<div class=\"flex_column av_one_fifth  flex_column_div av-zero-column-padding first  \" style='border-radius:0px; '><\/div><div class=\"flex_column av_three_fifth  flex_column_div av-zero-column-padding   \" style='border-radius:0px; '><p><div  style='padding-bottom:30px; color:#e53a10;font-size:16px;' class='av-special-heading av-special-heading-h1 custom-color-heading blockquote modern-quote  av-inherit-size '><h1 class='av-special-heading-tag '  itemprop=\"headline\"  >MESA DE AYUDA SALMONES AYS\u00c9N<\/h1><div class='special-heading-border'><div class='special-heading-inner-border' style='border-color:#e53a10'><\/div><\/div><\/div><br \/>\n<section class=\"av_textblock_section \"  itemscope=\"itemscope\" itemtype=\"https:\/\/schema.org\/CreativeWork\" ><div class='avia_textblock  '   itemprop=\"text\" ><p>Si tienes alguna inquietud o requieres de apoyo para utilizar SAP Ariba cont\u00e1ctate al siguiente n\u00famero:<\/p>\n<p>+56 2 2471 0210<\/p>\n<p>O escr\u00edbenos a: <a href=\"mailto:ariba@salmonesaysen.cl\">ariba@salmonesaysen.cl<\/a><\/p>\n<p>Horario de atenci\u00f3n: Lunes a viernes de 09:00 a 18:00 hrs.<\/p>\n<\/div><\/section><\/p><\/div><div class=\"flex_column av_one_fifth  flex_column_div av-zero-column-padding   \" style='border-radius:0px; '><\/div><div  style='height:80px' class='hr hr-invisible  '><span class='hr-inner ' ><span class='hr-inner-style'><\/span><\/span><\/div><\/p>\n<\/div><\/div><\/div><\/div><\/div><\/div><!-- close content main div --><\/div><\/div><div id='av-layout-grid-3'  class='av-layout-grid-container entry-content-wrapper main_color av-flex-cells     av-cell-min-height av-cell-min-height-50 container_wrap sidebar_right' style=' '   data-av_minimum_height_pc='50'>\n<div class=\"flex_cell no_margin av_one_full   avia-full-stretch av-zero-padding \"  style='background:url(https:\/\/www.salmonesaysen.cl\/proveedores\/wp-content\/uploads\/2021\/09\/fondo.jpg) center center no-repeat scroll; vertical-align:middle; padding:0px; ' ><div class='flex_cell_inner' ><\/div><\/div><\/div><\/div><\/div><\/div><!-- close content main div --><\/div><\/div><div id='welcome'  class='av-layout-grid-container entry-content-wrapper main_color av-fixed-cells     container_wrap sidebar_right' style=' '  >\n<div class=\"flex_cell no_margin av_one_fourth   av-zero-padding \"  style='height:15px; min-height:15px;background: #ff3b2b; vertical-align:top; padding:0px; background-color:#ff3b2b; ' ><div class='flex_cell_inner' ><\/div><\/div><div class=\"flex_cell no_margin av_one_fourth   av-zero-padding \"  style='height:15px; min-height:15px;background: #ff3b2b; vertical-align:top; padding:0px; background-color:#ff3b2b; ' ><div class='flex_cell_inner' ><\/div><\/div><div class=\"flex_cell no_margin av_one_fourth   av-zero-padding \"  style='height:15px; min-height:15px;background: #ff3b2b; vertical-align:top; padding:0px; background-color:#ff3b2b; ' ><div class='flex_cell_inner' ><\/div><\/div><div class=\"flex_cell no_margin av_one_fourth   av-zero-padding \"  style='height:15px; min-height:15px;background: #ff3b2b; vertical-align:top; padding:0px; background-color:#ff3b2b; ' ><div class='flex_cell_inner' ><\/div><\/div>\n<\/div><\/p>\n","protected":false},"excerpt":{"rendered":"","protected":false},"author":1,"featured_media":0,"parent":0,"menu_order":0,"comment_status":"closed","ping_status":"closed","template":"","meta":{"footnotes":""},"class_list":["post-538","page","type-page","status-publish","hentry"],"_links":{"self":[{"href":"https:\/\/www.salmonesaysen.cl\/proveedores\/wp-json\/wp\/v2\/pages\/538","targetHints":{"allow":["GET"]}}],"collection":[{"href":"https:\/\/www.salmonesaysen.cl\/proveedores\/wp-json\/wp\/v2\/pages"}],"about":[{"href":"https:\/\/www.salmonesaysen.cl\/proveedores\/wp-json\/wp\/v2\/types\/page"}],"author":[{"embeddable":true,"href":"https:\/\/www.salmonesaysen.cl\/proveedores\/wp-json\/wp\/v2\/users\/1"}],"replies":[{"embeddable":true,"href":"https:\/\/www.salmonesaysen.cl\/proveedores\/wp-json\/wp\/v2\/comments?post=538"}],"version-history":[{"count":76,"href":"https:\/\/www.salmonesaysen.cl\/proveedores\/wp-json\/wp\/v2\/pages\/538\/revisions"}],"predecessor-version":[{"id":693,"href":"https:\/\/www.salmonesaysen.cl\/proveedores\/wp-json\/wp\/v2\/pages\/538\/revisions\/693"}],"wp:attachment":[{"href":"https:\/\/www.salmonesaysen.cl\/proveedores\/wp-json\/wp\/v2\/media?parent=538"}],"curies":[{"name":"wp","href":"https:\/\/api.w.org\/{rel}","templated":true}]}}